{"id":750,"date":"2023-09-27T01:01:33","date_gmt":"2023-09-26T23:01:33","guid":{"rendered":"https:\/\/www.silentworldevents.com\/es\/?post_type=product&#038;p=750"},"modified":"2023-10-15T08:35:29","modified_gmt":"2023-10-15T06:35:29","slug":"alquiler-del-transmisor-swe-de-3-canales","status":"publish","type":"product","link":"https:\/\/www.silentworldevents.com\/es\/producto\/alquiler-del-transmisor-swe-de-3-canales\/","title":{"rendered":"Alquiler del Transmisor SWE de 3 Canales"},"content":{"rendered":"<div class=\"flex-1 overflow-hidden\">\n<div class=\"react-scroll-to-bottom--css-hnpwt-79elbk h-full dark:bg-gray-800\">\n<div class=\"react-scroll-to-bottom--css-hnpwt-1n7m0yu\">\n<div class=\"flex flex-col text-sm dark:bg-gray-800\">\n<div class=\"group w-full text-token-text-primary border-b border-black\/10 gizmo:border-0 dark:border-gray-900\/50 gizmo:dark:border-0 bg-gray-50 gizmo:bg-transparent dark:bg-[#444654] gizmo:dark:bg-transparent\" data-testid=\"conversation-turn-138\">\n<div class=\"p-4 justify-center text-base md:gap-6 md:py-6 m-auto\">\n<div class=\"flex flex-1 gap-4 text-base mx-auto md:gap-6 md:max-w-2xl lg:max-w-[38rem] xl:max-w-3xl }\">\n<div class=\"relative flex w-[calc(100%-50px)] flex-col gap-1 md:gap-3 lg:w-[calc(100%-115px)] agent-turn\">\n<div class=\"flex flex-grow flex-col gap-3 max-w-full\">\n<div class=\"min-h-[20px] flex flex-col items-start gap-3 overflow-x-auto whitespace-pre-wrap break-words\">\n<div class=\"markdown prose w-full break-words dark:prose-invert light\">\n<p>Los transmisores para silent disco son dispositivos clave que se utilizan para transmitir la m\u00fasica y las instrucciones del instructor a los auriculares inal\u00e1mbricos que llevan los participantes en un evento de silent disco. Estos transmisores tienen varias funciones importantes:<\/p>\n<ol>\n<li><strong>Transmisi\u00f3n de Audio:<\/strong> Los transmisores env\u00edan la se\u00f1al de audio, que incluye la m\u00fasica y las voces del instructor, a las frecuencias de radio espec\u00edficas que son captadas por los auriculares inal\u00e1mbricos de los participantes.<\/li>\n<li><strong>Selecci\u00f3n de Canales:<\/strong> En eventos de silent disco que ofrecen m\u00faltiples canales de audio (por ejemplo, diferentes listas de reproducci\u00f3n de m\u00fasica), los transmisores permiten cambiar entre estos canales. Esto permite a los participantes elegir la m\u00fasica que desean escuchar.<\/li>\n<li><strong>Micr\u00f3fono:<\/strong> Los transmisores a menudo incluyen un micr\u00f3fono que el instructor utiliza para dar instrucciones y guiar a los participantes durante la actividad. La voz del instructor se transmite a los auriculares de los participantes a trav\u00e9s del transmisor.<\/li>\n<li><strong>Estabilidad de Frecuencia:<\/strong> Los transmisores est\u00e1n equipados con sistemas de control de frecuencia para garantizar una transmisi\u00f3n estable y sin interferencias. Esto es esencial para mantener una calidad de audio \u00f3ptima durante el evento.<\/li>\n<li><strong>Portabilidad:<\/strong> Los transmisores suelen ser dispositivos port\u00e1tiles y alimentados por bater\u00eda, lo que permite utilizarlos en una variedad de ubicaciones, tanto en interiores como en exteriores.<\/li>\n<\/ol>\n<p>En resumen, los transmisores para silent disco son componentes esenciales que permiten que los eventos de este tipo funcionen sin problemas al transmitir m\u00fasica y audio a los auriculares inal\u00e1mbricos de los participantes, brindando una experiencia de entretenimiento \u00fanica y personalizada.<\/p>\n<p>Transmisor port\u00e1til con una duraci\u00f3n de bater\u00eda de 10 horas.<\/p>\n<\/div>\n<\/div>\n<\/div>\n<div class=\"flex justify-between lg:block\">\n<div class=\"text-gray-400 flex self-end lg:self-center justify-center gizmo:lg:justify-start mt-2 gizmo:mt-0 visible lg:gap-1 lg:absolute lg:top-0 lg:translate-x-full lg:right-0 lg:mt-0 lg:pl-2 gap-2 md:gap-3\">\n<p>&nbsp;<\/p>\n<div class=\"flex gap-1 gizmo:gap-3\"><\/div>\n<\/div>\n<\/div>\n<\/div>\n<\/div>\n<\/div>\n<\/div>\n<div class=\"h-32 md:h-48 flex-shrink-0\"><\/div>\n<p>&nbsp;<\/p>\n<\/div>\n<\/div>\n<\/div>\n<\/div>\n<div class=\"absolute bottom-0 left-0 w-full border-t md:border-t-0 dark:border-white\/20 md:border-transparent md:dark:border-transparent md:bg-vert-light-gradient bg-white dark:bg-gray-800 md:!bg-transparent dark:md:bg-vert-dark-gradient pt-2 md:pl-2 md:w-[calc(100%-.5rem)]\">\n<form class=\"stretch mx-2 flex flex-row gap-3 last:mb-2 md:mx-4 md:last:mb-6 lg:mx-auto lg:max-w-2xl xl:max-w-3xl\">\n<div class=\"relative flex h-full flex-1 items-stretch md:flex-col\">\n<div>\n<div class=\"h-full flex ml-1 md:w-full md:m-auto md:mb-4 gap-0 md:gap-2 justify-center\"><\/div>\n<\/div>\n<\/div>\n<\/form>\n<\/div>\n","protected":false},"excerpt":{"rendered":"<p><strong>Para reservar elegir una fecha en el calendario abajo<\/strong><\/p>\n<p><strong>Sin transmisor no se puede funcionar los auriculares\u00a0<\/strong><\/p>\n<p><strong>Un transmisor puede conectar de forma inal\u00e1mbrica hasta 500 auriculares<\/strong><\/p>\n<p>1 transmisor = 1 genero musical<\/p>\n<p>2 transmisor = 2 generos musicales<\/p>\n<p>3 transmisor = 3 generos musicales<\/p>\n<p><strong><a href=\"http:\/\/whatsapp.com\/catalog\/34631181406\/?app_absent=0\">Whatsapp<\/a>\u00a0<\/strong><\/p>\n<p>&nbsp;<\/p>\n","protected":false},"featured_media":776,"comment_status":"open","ping_status":"closed","template":"","meta":[],"product_cat":[39,38,40,37],"product_tag":[36,35],"_links":{"self":[{"href":"https:\/\/www.silentworldevents.com\/es\/wp-json\/wp\/v2\/product\/750"}],"collection":[{"href":"https:\/\/www.silentworldevents.com\/es\/wp-json\/wp\/v2\/product"}],"about":[{"href":"https:\/\/www.silentworldevents.com\/es\/wp-json\/wp\/v2\/types\/product"}],"replies":[{"embeddable":true,"href":"https:\/\/www.silentworldevents.com\/es\/wp-json\/wp\/v2\/comments?post=750"}],"wp:featuredmedia":[{"embeddable":true,"href":"https:\/\/www.silentworldevents.com\/es\/wp-json\/wp\/v2\/media\/776"}],"wp:attachment":[{"href":"https:\/\/www.silentworldevents.com\/es\/wp-json\/wp\/v2\/media?parent=750"}],"wp:term":[{"taxonomy":"product_cat","embeddable":true,"href":"https:\/\/www.silentworldevents.com\/es\/wp-json\/wp\/v2\/product_cat?post=750"},{"taxonomy":"product_tag","embeddable":true,"href":"https:\/\/www.silentworldevents.com\/es\/wp-json\/wp\/v2\/product_tag?post=750"}],"curies":[{"name":"wp","href":"https:\/\/api.w.org\/{rel}","templated":true}]}}