{"id":719,"date":"2023-09-26T16:15:08","date_gmt":"2023-09-26T16:15:08","guid":{"rendered":"https:\/\/www.silentworldevents.com\/es\/?post_type=product&#038;p=719"},"modified":"2023-10-15T08:43:11","modified_gmt":"2023-10-15T06:43:11","slug":"silent-yoga-pack-basico","status":"publish","type":"product","link":"https:\/\/www.silentworldevents.com\/es\/producto\/silent-yoga-pack-basico\/","title":{"rendered":"Silent Yoga Pack Basico"},"content":{"rendered":"<p><strong>El Silent Disco Yoga<\/strong><\/p>\n<p>es una fusi\u00f3n \u00fanica e innovadora de dos actividades populares: el silent disco y el yoga. En una sesi\u00f3n de Silent Disco Yoga, los participantes practican yoga mientras llevan auriculares inal\u00e1mbricos que transmiten m\u00fasica e instrucciones del instructor. A diferencia de las clases de yoga tradicionales donde la voz del instructor y la m\u00fasica se proyectan a trav\u00e9s de altavoces, en el Silent Disco Yoga, los participantes escuchan al instructor y la m\u00fasica de forma privada a trav\u00e9s de sus auriculares.<\/p>\n<p><strong>As\u00ed es c\u00f3mo suele funcionar:<\/strong><\/p>\n<p>Auriculares Inal\u00e1mbricos:<\/p>\n<p>Cada participante est\u00e1 equipado con un par de auriculares inal\u00e1mbricos. Estos auriculares se conectan a un transmisor que emite la voz del instructor y una lista de m\u00fasica de yoga cuidadosamente seleccionada.<\/p>\n<p><strong>Instrucci\u00f3n de Yoga: <\/strong><\/p>\n<p>El instructor de yoga gu\u00eda a la clase mientras lleva un micr\u00f3fono. Sus instrucciones y se\u00f1ales se transmiten directamente a los auriculares de los participantes. Esto permite una experiencia de yoga m\u00e1s \u00edntima e inmersiva, ya que los participantes pueden escuchar claramente la gu\u00eda del instructor.<\/p>\n<p><strong>M\u00fasica: <\/strong><\/p>\n<p>Adem\u00e1s de la voz del instructor, los participantes pueden escuchar m\u00fasica relajante o energizante que complementa la pr\u00e1ctica de yoga. La m\u00fasica puede mejorar la experiencia en general y ayudar a los participantes a mantenerse concentrados y relajados.<\/p>\n<p><strong>Flexibilidad: <\/strong><\/p>\n<p>El Silent Disco Yoga se puede llevar a cabo en diversos entornos, tanto en interiores como en exteriores. Los participantes tienen la flexibilidad de ajustar el volumen de sus auriculares a un nivel c\u00f3modo, e incluso pueden optar por quit\u00e1rselos brevemente si es necesario.<\/p>\n","protected":false},"excerpt":{"rendered":"<p><strong>Para reservar elegir una fecha en el calendario abajo<\/strong><\/p>\n<p>\u2022 10 auriculares\u2022 1 transmisor (para 1 canal)\u2022 1 micr\u00f3fono<\/p>\n<p>Grupo mas de 15 personas\u00a0<a href=\"https:\/\/www.silentworldevents.com\/es\/contacto\/\">Pide presupuesto <\/a><\/p>\n<p><strong><a href=\"https:\/\/wa.me\/c\/34631181406\">Whatsapp<\/a>\u00a0<\/strong><\/p>\n<p>&nbsp;<\/p>\n","protected":false},"featured_media":769,"comment_status":"open","ping_status":"closed","template":"","meta":[],"product_cat":[39,38,40,37],"product_tag":[31,33,34,32],"_links":{"self":[{"href":"https:\/\/www.silentworldevents.com\/es\/wp-json\/wp\/v2\/product\/719"}],"collection":[{"href":"https:\/\/www.silentworldevents.com\/es\/wp-json\/wp\/v2\/product"}],"about":[{"href":"https:\/\/www.silentworldevents.com\/es\/wp-json\/wp\/v2\/types\/product"}],"replies":[{"embeddable":true,"href":"https:\/\/www.silentworldevents.com\/es\/wp-json\/wp\/v2\/comments?post=719"}],"wp:featuredmedia":[{"embeddable":true,"href":"https:\/\/www.silentworldevents.com\/es\/wp-json\/wp\/v2\/media\/769"}],"wp:attachment":[{"href":"https:\/\/www.silentworldevents.com\/es\/wp-json\/wp\/v2\/media?parent=719"}],"wp:term":[{"taxonomy":"product_cat","embeddable":true,"href":"https:\/\/www.silentworldevents.com\/es\/wp-json\/wp\/v2\/product_cat?post=719"},{"taxonomy":"product_tag","embeddable":true,"href":"https:\/\/www.silentworldevents.com\/es\/wp-json\/wp\/v2\/product_tag?post=719"}],"curies":[{"name":"wp","href":"https:\/\/api.w.org\/{rel}","templated":true}]}}