{"id":537,"date":"2023-09-28T16:48:19","date_gmt":"2023-09-28T16:48:19","guid":{"rendered":"https:\/\/www.silentworldevents.com\/cat\/?post_type=product&#038;p=537"},"modified":"2023-10-15T08:43:29","modified_gmt":"2023-10-15T06:43:29","slug":"silent-ioga-pack-basico","status":"publish","type":"product","link":"https:\/\/www.silentworldevents.com\/cat\/producte\/silent-ioga-pack-basico\/","title":{"rendered":"Silent Ioga Pack Basico"},"content":{"rendered":"<p><strong>El Silent Disc Ioga<\/strong><\/p>\n<p>\u00e9s una fusi\u00f3 \u00fanica i innovadora de dues activitats populars: el silent disc i el ioga.\u00a0En una sessi\u00f3 de Silent Disco Yoga, els participants practiquen ioga mentre porten auriculars sense fil que transmeten m\u00fasica i instruccions de l&#8217;instructor.\u00a0A difer\u00e8ncia de les classes de ioga tradicionals on la veu de l&#8217;instructor i la m\u00fasica es projecten a trav\u00e9s d&#8217;altaveus, al Silent Disco Yoga, els participants escolten l&#8217;instructor i la m\u00fasica de manera privada a trav\u00e9s dels seus auriculars.<\/p>\n<p><strong>Aix\u00ed \u00e9s com sol funcionar:<\/strong><\/p>\n<p>Auriculars Sense fil:<\/p>\n<p>Cada participant est\u00e0 equipat amb un parell d&#8217;auriculars sense fil.\u00a0Aquests auriculars es connecten a un transmissor que emet la veu de l&#8217;instructor i una llista de m\u00fasica de ioga seleccionada amb cura.<\/p>\n<p><strong>Instrucci\u00f3 de Ioga:<\/strong><\/p>\n<p>L&#8217;instructor de ioga guia la classe mentre porta un micr\u00f2fon.\u00a0Les instruccions i els senyals es transmeten directament als auriculars dels participants.\u00a0Aix\u00f2 permet una experi\u00e8ncia de ioga m\u00e9s \u00edntima i immersiva, ja que els participants poden escoltar clarament la guia de l&#8217;instructor.<\/p>\n<p><strong>M\u00fasica:<\/strong><\/p>\n<p>A m\u00e9s a m\u00e9s de la veu de l&#8217;instructor, els participants poden escoltar m\u00fasica relaxant o energitzant que complementa la pr\u00e0ctica de ioga.\u00a0La m\u00fasica pot millorar lexperi\u00e8ncia en general i ajudar els participants a mantenir-se concentrats i relaxats.<\/p>\n<p><strong>Flexibilitat:<\/strong><\/p>\n<p>El Silent Disco Yoga es pot dur a terme en diversos entorns, tant a interiors com a exteriors.\u00a0Els participants tenen la flexibilitat d&#8217;ajustar el volum dels seus auriculars a un nivell c\u00f2mode, i fins i tot poden optar per treure&#8217;ls-los breument si cal.<\/p>\n","protected":false},"excerpt":{"rendered":"<p><strong>Per reservar triar una data al calendari a baix<\/strong><\/p>\n<p>\u2022 10 auriculars\u2022 1 transmissor (per a 1 canal)\u2022 1 micr\u00f2fon<\/p>\n<p>Grup m\u00e9s de 15 persones\u00a0\u00a0<a href=\"https:\/\/www.silentworldevents.com\/es\/contacto\/\">Demana pressupost<\/a><\/p>\n<p><strong><a href=\"https:\/\/wa.me\/c\/34631181406\">Whatsapp<\/a>\u00a0<\/strong><\/p>\n<p>&nbsp;<\/p>\n","protected":false},"featured_media":590,"comment_status":"open","ping_status":"closed","template":"","meta":[],"product_cat":[24,25,26,27,28,29,30,31,32,33,34,35,36,37,38],"product_tag":[47,48,51,52],"_links":{"self":[{"href":"https:\/\/www.silentworldevents.com\/cat\/wp-json\/wp\/v2\/product\/537"}],"collection":[{"href":"https:\/\/www.silentworldevents.com\/cat\/wp-json\/wp\/v2\/product"}],"about":[{"href":"https:\/\/www.silentworldevents.com\/cat\/wp-json\/wp\/v2\/types\/product"}],"replies":[{"embeddable":true,"href":"https:\/\/www.silentworldevents.com\/cat\/wp-json\/wp\/v2\/comments?post=537"}],"wp:featuredmedia":[{"embeddable":true,"href":"https:\/\/www.silentworldevents.com\/cat\/wp-json\/wp\/v2\/media\/590"}],"wp:attachment":[{"href":"https:\/\/www.silentworldevents.com\/cat\/wp-json\/wp\/v2\/media?parent=537"}],"wp:term":[{"taxonomy":"product_cat","embeddable":true,"href":"https:\/\/www.silentworldevents.com\/cat\/wp-json\/wp\/v2\/product_cat?post=537"},{"taxonomy":"product_tag","embeddable":true,"href":"https:\/\/www.silentworldevents.com\/cat\/wp-json\/wp\/v2\/product_tag?post=537"}],"curies":[{"name":"wp","href":"https:\/\/api.w.org\/{rel}","templated":true}]}}