{"id":536,"date":"2023-09-28T16:48:19","date_gmt":"2023-09-28T16:48:19","guid":{"rendered":"https:\/\/www.silentworldevents.com\/cat\/?post_type=product&#038;p=536"},"modified":"2023-10-15T08:31:06","modified_gmt":"2023-10-15T06:31:06","slug":"lloguer-del-transmissor-swe-de-3-canals","status":"publish","type":"product","link":"https:\/\/www.silentworldevents.com\/cat\/producte\/lloguer-del-transmissor-swe-de-3-canals\/","title":{"rendered":"Lloguer del Transmissor SWE de 3 Canals"},"content":{"rendered":"<div class=\"flex-1 overflow-hidden\">\n<div class=\"react-scroll-to-bottom--css-hnpwt-79elbk h-full dark:bg-gray-800\">\n<div class=\"react-scroll-to-bottom--css-hnpwt-1n7m0yu\">\n<div class=\"flex flex-col text-sm dark:bg-gray-800\">\n<div class=\"group w-full text-token-text-primary border-b border-black\/10 gizmo:border-0 dark:border-gray-900\/50 gizmo:dark:border-0 bg-gray-50 gizmo:bg-transparent dark:bg-[#444654] gizmo:dark:bg-transparent\" data-testid=\"conversation-turn-138\">\n<div class=\"p-4 justify-center text-base md:gap-6 md:py-6 m-auto\">\n<div class=\"flex flex-1 gap-4 text-base mx-auto md:gap-6 md:max-w-2xl lg:max-w-[38rem] xl:max-w-3xl }\">\n<div class=\"relative flex w-[calc(100%-50px)] flex-col gap-1 md:gap-3 lg:w-[calc(100%-115px)] agent-turn\">\n<div class=\"flex flex-grow flex-col gap-3 max-w-full\">\n<div class=\"min-h-[20px] flex flex-col items-start gap-3 overflow-x-auto whitespace-pre-wrap break-words\">\n<div class=\"markdown prose w-full break-words dark:prose-invert light\">\n<p>Els transmissors per a silent disc s\u00f3n dispositius clau que s&#8217;utilitzen per transmetre la m\u00fasica i les instruccions de l&#8217;instructor als auriculars sense fil que porten els participants a un esdeveniment de silent disc.\u00a0Aquests transmissors tenen diverses funcions importants:<\/p>\n<ol>\n<li><strong>Transmissi\u00f3 d&#8217;\u00e0udio:<\/strong>\u00a0Els transmissors envien el senyal d&#8217;\u00e0udio, que inclou la m\u00fasica i les veus de l&#8217;instructor, a les freq\u00fc\u00e8ncies de r\u00e0dio espec\u00edfiques que s\u00f3n captades pels auriculars sense fil dels participants.<\/li>\n<li><strong>Selecci\u00f3 de Canals:<\/strong>\u00a0En esdeveniments de silent disc que ofereixen m\u00faltiples canals d\u00e0udio (per exemple, diferents llistes de reproducci\u00f3 de m\u00fasica), els transmissors permeten canviar entre aquests canals.\u00a0Aix\u00f2 permet als participants triar la m\u00fasica que volen escoltar.<\/li>\n<li><strong>Micr\u00f2fon:<\/strong>\u00a0Els transmissors sovint inclouen un micr\u00f2fon que l&#8217;instructor utilitza per donar instruccions i guiar els participants durant l&#8217;activitat.\u00a0La veu de l&#8217;instructor es transmet als auriculars dels participants mitjan\u00e7ant el transmissor.<\/li>\n<li><strong>Estabilitat de Freq\u00fc\u00e8ncia:<\/strong>\u00a0Els transmissors estan equipats amb sistemes de control de freq\u00fc\u00e8ncia per garantir una transmissi\u00f3 estable i sense interfer\u00e8ncies.\u00a0Aix\u00f2 \u00e9s essencial per mantenir una qualitat d\u00e0udio \u00f2ptima durant lesdeveniment.<\/li>\n<li><strong>Portabilitat:<\/strong>\u00a0Els transmissors solen ser dispositius port\u00e0tils i alimentats per bateria, cosa que permet utilitzar-los en una varietat dubicacions, tant en interiors com en exteriors.<\/li>\n<\/ol>\n<p>En resum, els transmissors per a silent disc s\u00f3n components essencials que permeten que els esdeveniments d&#8217;aquest tipus funcionin sense problemes en transmetre m\u00fasica i \u00e0udio als auriculars sense fil dels participants, brindant una experi\u00e8ncia d&#8217;entreteniment \u00fanica i personalitzada.<\/p>\n<p>Transmissor port\u00e0til amb una durada de bateria de 10 hores.<\/p>\n<\/div>\n<\/div>\n<\/div>\n<\/div>\n<\/div>\n<\/div>\n<\/div>\n<\/div>\n<\/div>\n<\/div>\n<\/div>\n","protected":false},"excerpt":{"rendered":"<p><strong>Per reservar triar una data al calendari a baix<\/strong><\/p>\n<p><strong>Sense transmissor no es pot funcionar els auriculars\u00a0<\/strong><\/p>\n<p><strong>Un transmissor pot connectar sense fils fins a 500 auriculars<\/strong><\/p>\n<p>1 transmissor = 1 g\u00e8nere musical<\/p>\n<p>2 transmissor = 2 g\u00e8neres musicals<\/p>\n<p>3 transmissor = 3 g\u00e8neres musicals<\/p>\n<p><a href=\"http:\/\/whatsapp.com\/catalog\/34631181406\/?app_absent=0\"><b>Whatsapp<\/b><\/a><\/p>\n<p>&nbsp;<\/p>\n","protected":false},"featured_media":592,"comment_status":"open","ping_status":"closed","template":"","meta":[],"product_cat":[23,24,25,26,27,28,29,30,31,32,33,34,35,36,38],"product_tag":[49,50],"_links":{"self":[{"href":"https:\/\/www.silentworldevents.com\/cat\/wp-json\/wp\/v2\/product\/536"}],"collection":[{"href":"https:\/\/www.silentworldevents.com\/cat\/wp-json\/wp\/v2\/product"}],"about":[{"href":"https:\/\/www.silentworldevents.com\/cat\/wp-json\/wp\/v2\/types\/product"}],"replies":[{"embeddable":true,"href":"https:\/\/www.silentworldevents.com\/cat\/wp-json\/wp\/v2\/comments?post=536"}],"wp:featuredmedia":[{"embeddable":true,"href":"https:\/\/www.silentworldevents.com\/cat\/wp-json\/wp\/v2\/media\/592"}],"wp:attachment":[{"href":"https:\/\/www.silentworldevents.com\/cat\/wp-json\/wp\/v2\/media?parent=536"}],"wp:term":[{"taxonomy":"product_cat","embeddable":true,"href":"https:\/\/www.silentworldevents.com\/cat\/wp-json\/wp\/v2\/product_cat?post=536"},{"taxonomy":"product_tag","embeddable":true,"href":"https:\/\/www.silentworldevents.com\/cat\/wp-json\/wp\/v2\/product_tag?post=536"}],"curies":[{"name":"wp","href":"https:\/\/api.w.org\/{rel}","templated":true}]}}