{"id":535,"date":"2023-09-28T16:48:18","date_gmt":"2023-09-28T16:48:18","guid":{"rendered":"https:\/\/www.silentworldevents.com\/cat\/?post_type=product&#038;p=535"},"modified":"2023-10-15T09:19:11","modified_gmt":"2023-10-15T07:19:11","slug":"import-placeholder-for-694","status":"publish","type":"product","link":"https:\/\/www.silentworldevents.com\/cat\/producte\/import-placeholder-for-694\/","title":{"rendered":"Un pack festa silenci\u00f3s completa"},"content":{"rendered":"<p><strong>Qu\u00e8 m\u00e9s necessites?<\/strong><\/p>\n<p>Tot el que necessites \u00e9s la teva m\u00fasica.<\/p>\n<p>Els auriculars es controlen sense fils a trav\u00e9s del transmissor.<\/p>\n<p>Despr\u00e9s connecta el transmissor a un reproductor multim\u00e8dia.<\/p>\n<p>Per exemple, a un tel\u00e8fon amb Spotify, una taula de barreges de DJ o un ordinador port\u00e0til.<\/p>\n<p>Proporcionem 4 cables diferents per connectar el teu reproductor multim\u00e8dia al transmissor: XLR femella, Jack est\u00e8reo, Minijack i cable d&#8217;\u00e0udio.<\/p>\n","protected":false},"excerpt":{"rendered":"<div class=\"flex-1 overflow-hidden\">\n<div class=\"react-scroll-to-bottom--css-euapk-79elbk h-full dark:bg-gray-800\">\n<div class=\"react-scroll-to-bottom--css-euapk-1n7m0yu\">\n<div class=\"flex flex-col text-sm dark:bg-gray-800\">\n<div class=\"group w-full text-token-text-primary border-b border-black\/10 gizmo:border-0 dark:border-gray-900\/50 gizmo:dark:border-0 bg-gray-50 gizmo:bg-transparent dark:bg-[#444654] gizmo:dark:bg-transparent\" data-testid=\"conversation-turn-130\">\n<div class=\"p-4 justify-center text-base md:gap-6 md:py-6 m-auto\">\n<div class=\"flex flex-1 gap-4 text-base mx-auto md:gap-6 md:max-w-2xl lg:max-w-[38rem] xl:max-w-3xl }\">\n<div class=\"relative flex w-[calc(100%-50px)] flex-col gap-1 md:gap-3 lg:w-[calc(100%-115px)]\">\n<div class=\"flex flex-grow flex-col gap-3 max-w-full\">\n<div class=\"min-h-[20px] flex flex-col items-start gap-3 overflow-x-auto whitespace-pre-wrap break-words\">\n<div class=\"markdown prose w-full break-words dark:prose-invert light\">\n<p><strong>Per reservar\u00a0\u00a0<\/strong><strong>trieu la data del calendari a continuaci\u00f3\u00a0<\/strong><\/p>\n<p><strong>Anima la teva festa privada amb el paquet complet de discoteca silenciosa<\/strong><\/p>\n<p>\u2022 15 auriculars \u2022 1 transmissor (per a 1 canal) \u2022 1 paquet de pintura fluorescent \u2022 2 llums de discoteca<\/p>\n<p>\u2022 2 llums UV \u2022 1 m\u00e0quina de fum<\/p>\n<div class=\"group w-full text-token-text-primary border-b border-black\/10 gizmo:border-0 dark:border-gray-900\/50 gizmo:dark:border-0 bg-gray-50 gizmo:bg-transparent dark:bg-[#444654] gizmo:dark:bg-transparent\" data-testid=\"conversation-turn-130\">\n<div class=\"p-4 justify-center text-base md:gap-6 md:py-6 m-auto\">\n<div class=\"flex flex-1 gap-4 text-base mx-auto md:gap-6 md:max-w-2xl lg:max-w-[38rem] xl:max-w-3xl }\">\n<div class=\"relative flex w-[calc(100%-50px)] flex-col gap-1 md:gap-3 lg:w-[calc(100%-115px)]\">\n<div class=\"flex flex-grow flex-col gap-3 max-w-full\">\n<div class=\"min-h-[20px] flex flex-col items-start gap-3 overflow-x-auto whitespace-pre-wrap break-words\">\n<div class=\"markdown prose w-full break-words dark:prose-invert light\">\n<p>Quantitat de 31 auriculars cap amunt \u00a0\u00a0<a href=\"https:\/\/www.silentworldevents.com\/contacto\/\">Sol\u00b7licitar cotitzaci\u00f3<\/a><\/p>\n<p><strong><a href=\"https:\/\/wa.me\/c\/34631181406\">Whatsapp<\/a>\u00a0<\/strong><\/p>\n<\/div>\n<\/div>\n<\/div>\n<\/div>\n<\/div>\n<\/div>\n<\/div>\n<div class=\"group w-full text-token-text-primary border-b border-black\/10 gizmo:border-0 dark:border-gray-900\/50 gizmo:dark:border-0 bg-gray-50 gizmo:bg-transparent dark:bg-[#444654] gizmo:dark:bg-transparent\" data-testid=\"conversation-turn-130\">\n<div class=\"p-4 justify-center text-base md:gap-6 md:py-6 m-auto\">\n<div class=\"flex flex-1 gap-4 text-base mx-auto md:gap-6 md:max-w-2xl lg:max-w-[38rem] xl:max-w-3xl }\">\n<div class=\"relative flex w-[calc(100%-50px)] flex-col gap-1 md:gap-3 lg:w-[calc(100%-115px)]\">\n<div class=\"flex flex-grow flex-col gap-3 max-w-full\">\n<div class=\"min-h-[20px] flex flex-col items-start gap-3 overflow-x-auto whitespace-pre-wrap break-words\">\n<div class=\"markdown prose w-full break-words dark:prose-invert light\">\n<p>&nbsp;<\/p>\n<\/div>\n<\/div>\n<\/div>\n<\/div>\n<\/div>\n<\/div>\n<\/div>\n<\/div>\n<\/div>\n<\/div>\n<\/div>\n<\/div>\n<\/div>\n<\/div>\n<p>&nbsp;<\/p>\n<\/div>\n<\/div>\n<\/div>\n<\/div>\n","protected":false},"featured_media":589,"comment_status":"open","ping_status":"closed","template":"","meta":[],"product_cat":[23,24,25,26,27,28,29,30,31,32,33,34,35,36,38],"product_tag":[39,40,41,42,43,44,45,46],"_links":{"self":[{"href":"https:\/\/www.silentworldevents.com\/cat\/wp-json\/wp\/v2\/product\/535"}],"collection":[{"href":"https:\/\/www.silentworldevents.com\/cat\/wp-json\/wp\/v2\/product"}],"about":[{"href":"https:\/\/www.silentworldevents.com\/cat\/wp-json\/wp\/v2\/types\/product"}],"replies":[{"embeddable":true,"href":"https:\/\/www.silentworldevents.com\/cat\/wp-json\/wp\/v2\/comments?post=535"}],"wp:featuredmedia":[{"embeddable":true,"href":"https:\/\/www.silentworldevents.com\/cat\/wp-json\/wp\/v2\/media\/589"}],"wp:attachment":[{"href":"https:\/\/www.silentworldevents.com\/cat\/wp-json\/wp\/v2\/media?parent=535"}],"wp:term":[{"taxonomy":"product_cat","embeddable":true,"href":"https:\/\/www.silentworldevents.com\/cat\/wp-json\/wp\/v2\/product_cat?post=535"},{"taxonomy":"product_tag","embeddable":true,"href":"https:\/\/www.silentworldevents.com\/cat\/wp-json\/wp\/v2\/product_tag?post=535"}],"curies":[{"name":"wp","href":"https:\/\/api.w.org\/{rel}","templated":true}]}}